{"id":3,"date":"2023-03-13T10:40:23","date_gmt":"2023-03-13T09:40:23","guid":{"rendered":"https:\/\/test.mittelstandsbroker.de\/?page_id=3"},"modified":"2023-03-22T18:36:49","modified_gmt":"2023-03-22T17:36:49","slug":"datenschutzbestimmung-nutzungshinweis","status":"publish","type":"page","link":"https:\/\/test.mittelstandsbroker.de\/?page_id=3","title":{"rendered":"Datenschutzhinweis"},"content":{"rendered":"\t\t<div data-elementor-type=\"wp-page\" data-elementor-id=\"3\" class=\"elementor elementor-3\" data-elementor-post-type=\"page\">\n\t\t\t\t\t\t\t\t\t<section data-particle_enable=\"false\" data-particle-mobile-disabled=\"false\" class=\"elementor-section elementor-top-section elementor-element elementor-element-5034a076 elementor-section-boxed elementor-section-height-default elementor-section-height-default\" data-id=\"5034a076\" data-element_type=\"section\">\n\t\t\t\t\t\t<div class=\"elementor-container elementor-column-gap-default\">\n\t\t\t\t\t<div class=\"elementor-column elementor-col-100 elementor-top-column elementor-element elementor-element-5a7b617a\" data-id=\"5a7b617a\" data-element_type=\"column\">\n\t\t\t<div class=\"elementor-widget-wrap elementor-element-populated\">\n\t\t\t\t\t\t\t\t<div class=\"elementor-element elementor-element-6e6ee15 elementor-widget elementor-widget-heading\" data-id=\"6e6ee15\" data-element_type=\"widget\" data-widget_type=\"heading.default\">\n\t\t\t\t<div class=\"elementor-widget-container\">\n\t\t\t<h2 class=\"elementor-heading-title elementor-size-default\">Datenschutzhinweis\u200b<\/h2>\t\t<\/div>\n\t\t\t\t<\/div>\n\t\t\t\t<div class=\"elementor-element elementor-element-dbe4cda elementor-widget elementor-widget-text-editor\" data-id=\"dbe4cda\" data-element_type=\"widget\" data-widget_type=\"text-editor.default\">\n\t\t\t\t<div class=\"elementor-widget-container\">\n\t\t\t\t\t\t\t<p><!-- wp:heading --><\/p>\n<section>\n<h3><span style=\"color: #000000;\">Datenschutzerkl\u00e4rung<\/span><\/h3>\n<h4><span style=\"color: #000000;\">\u00a7 1 Information \u00fcber die Erhebung personenbezogener Daten<\/span><\/h4>\n<p><span style=\"color: #000000;\">(1) Im Folgenden informieren wir \u00fcber die Erhebung personenbezogener Daten bei Nutzung unserer Website. Personenbezogene Daten sind alle Daten, die auf Sie pers\u00f6nlich beziehbar sind, z.\u2009B. Name, Adresse, E-Mail-Adressen, Nutzerverhalten.<\/span><\/p>\n<p><span style=\"color: #000000;\">(2) Verantwortlicher gem. Art.\u00a04 Abs.\u00a07 EU-Datenschutz-Grundverordnung (DS-GVO) ist<\/span><\/p>\n<p><span style=\"color: #000000;\">mittelstandsbroker.de ist ein Projekt der INTAGUS VISION GmbH<\/span><br \/><span style=\"color: #000000;\">Friedrich-Ebert-Str. 36<\/span><br \/><span style=\"color: #000000;\">03044 Cottbus<\/span><\/p>\n<p><span style=\"color: #000000;\">Telefon: +49 0355 35755800<\/span><br \/><span style=\"color: #000000;\">E-Mail: info@test.mittelstandsbroker.de<\/span><\/p>\n<p><span style=\"color: #000000;\">Unseren Datenschutzbeauftragten erreichen Sie unter<\/span><\/p>\n<p><span style=\"color: #000000;\">Moritz Hudy<\/span><br \/><span style=\"color: #000000;\">Waldring 43-47<\/span><br \/><span style=\"color: #000000;\">44789 Bochum<\/span><br \/><span style=\"color: #000000;\"><a style=\"color: #000000;\" href=\"mailto:datenschutz@agad.de\">datenschutz@agad.de<\/a><\/span><br \/><span style=\"color: #000000;\">0234 282 533 20<\/span><\/p>\n<p><span style=\"color: #000000;\">\u00a0(3) Bei Ihrer Kontaktaufnahme mit uns per E-Mail oder \u00fcber ein Kontaktformular werden die von Ihnen mitgeteilten Daten (Ihre E-Mail-Adresse, ggf. Ihr Name) von uns gespeichert, um Ihre Fragen zu beantworten. Die Angabe weiterer Informationen ist freiwillig und erleichtert uns lediglich die Kontaktaufnahme zur Beantwortung Ihrer Anfrage. Die in diesem Zusammenhang anfallenden Daten l\u00f6schen wir, nachdem die Speicherung nicht mehr erforderlich ist, oder schr\u00e4nken die Verarbeitung ein, falls gesetzliche Aufbewahrungspflichten bestehen.<\/span><\/p>\n<p><span style=\"color: #000000;\">(4) Falls wir f\u00fcr einzelne Funktionen unseres Angebots auf beauftragte Dienstleister zur\u00fcckgreifen oder Ihre Daten f\u00fcr werbliche Zwecke nutzen m\u00f6chten, werden wir Sie untenstehend im Detail \u00fcber die jeweiligen Vorg\u00e4nge informieren. Dabei nennen wir auch die festgelegten Kriterien der Speicherdauer.<\/span><\/p>\n<h4><span style=\"color: #000000;\">\u00a7 2 Ihre Rechte<\/span><\/h4>\n<p><span style=\"color: #000000;\">(1) Sie haben gegen\u00fcber uns folgende Rechte hinsichtlich der Sie betreffenden personenbezogenen Daten:<\/span><\/p>\n<ul>\n<li><span style=\"color: #000000;\">Recht auf Auskunft,<\/span><\/li>\n<li><span style=\"color: #000000;\">Recht auf Berichtigung oder L\u00f6schung,<\/span><\/li>\n<li><span style=\"color: #000000;\">Recht auf Einschr\u00e4nkung der Verarbeitung,<\/span><\/li>\n<li><span style=\"color: #000000;\">Recht auf Widerspruch gegen die Verarbeitung,<\/span><\/li>\n<li><span style=\"color: #000000;\">Recht auf Daten\u00fcbertragbarkeit.<\/span><\/li>\n<\/ul>\n<p><span style=\"color: #000000;\">(2) Sie haben zudem das Recht, sich bei einer Datenschutz-Aufsichtsbeh\u00f6rde \u00fcber die Verarbeitung Ihrer personenbezogenen Daten durch uns zu beschweren.<\/span><\/p>\n<h4><span style=\"color: #000000;\">\u00a7 3 Erhebung personenbezogener Daten bei Besuch unserer Website<\/span><\/h4>\n<p><span style=\"color: #000000;\">(1) Bei der blo\u00df informatorischen Nutzung der Website, also wenn Sie sich nicht registrieren oder uns anderweitig Informationen \u00fcbermitteln, erheben wir nur die personenbezogenen Daten, die Ihr Browser an unseren Server \u00fcbermittelt. Wenn Sie unsere Website betrachten m\u00f6chten, erheben wir die folgenden Daten, die f\u00fcr uns technisch erforderlich sind, um Ihnen unsere Website anzuzeigen und die Stabilit\u00e4t und Sicherheit zu gew\u00e4hrleisten (Rechtsgrundlage ist Art.\u00a06 Abs.\u00a01 S.\u00a01 lit. f DS-GVO):<\/span><\/p>\n<ul>\n<li><span style=\"color: #000000;\">IP-Adresse<\/span><\/li>\n<li><span style=\"color: #000000;\">Datum und Uhrzeit der Anfrage<\/span><\/li>\n<li><span style=\"color: #000000;\">Zeitzonendifferenz zur Greenwich Mean Time (GMT)<\/span><\/li>\n<li><span style=\"color: #000000;\">Inhalt der Anforderung (konkrete Seite)<\/span><\/li>\n<li><span style=\"color: #000000;\">Zugriffsstatus\/HTTP-Statuscode<\/span><\/li>\n<li><span style=\"color: #000000;\">jeweils \u00fcbertragene Datenmenge<\/span><\/li>\n<li><span style=\"color: #000000;\">Website, von der die Anforderung kommt<\/span><\/li>\n<li><span style=\"color: #000000;\">Browser<\/span><\/li>\n<li><span style=\"color: #000000;\">Betriebssystem und dessen Oberfl\u00e4che<\/span><\/li>\n<li><span style=\"color: #000000;\">Sprache und Version der Browsersoftware<\/span><\/li>\n<\/ul>\n<p><span style=\"color: #000000;\">(2) Zus\u00e4tzlich zu den zuvor genannten Daten werden bei Ihrer Nutzung unserer Website Cookies auf Ihrem Rechner gespeichert. Bei Cookies handelt es sich um kleine Textdateien, die auf Ihrer Festplatte dem von Ihnen verwendeten Browser zugeordnet gespeichert werden und durch welche der Stelle, die den Cookie setzt (hier durch uns), bestimmte Informationen zuflie\u00dfen. Cookies k\u00f6nnen keine Programme ausf\u00fchren oder Viren auf Ihren Computer \u00fcbertragen. Sie dienen dazu, das Internetangebot insgesamt nutzerfreundlicher und effektiver zu machen.<\/span><\/p>\n<p><span style=\"color: #000000;\">(3) Einsatz von Cookies:<\/span><\/p>\n<ol>\n<li><span style=\"color: #000000;\">a) Diese Website nutzt folgende Arten von Cookies, deren Umfang und Funktionsweise im Folgenden erl\u00e4utert werden:<\/span>\n<ul>\n<li><span style=\"color: #000000;\">Transiente Cookies (dazu b)<\/span><\/li>\n<li><span style=\"color: #000000;\">Persistente Cookies (dazu c).<\/span><\/li>\n<\/ul>\n<\/li>\n<\/ol>\n<p><span style=\"color: #000000;\">b)Transiente Cookies werden automatisiert gel\u00f6scht, wenn Sie den Browser schlie\u00dfen. Dazu z\u00e4hlen insbesondere die Session-Cookies. Diese speichern eine sogenannte Session-ID, mit welcher sich verschiedene Anfragen Ihres Browsers der gemeinsamen Sitzung zuordnen lassen. Dadurch kann Ihr Rechner wiedererkannt werden, wenn Sie auf unsere Website zur\u00fcckkehren. Die Session-Cookies werden gel\u00f6scht, wenn Sie sich ausloggen oder den Browser schlie\u00dfen.<\/span><\/p>\n<ol>\n<li><span style=\"color: #000000;\">c) Persistente Cookies werden automatisiert nach einer vorgegebenen Dauer gel\u00f6scht, die sich je nach Cookie unterscheiden kann. Sie k\u00f6nnen die Cookies in den Sicherheitseinstellungen Ihres Browsers jederzeit l\u00f6schen.<\/span><\/li>\n<li><span style=\"color: #000000;\">d) Sie k\u00f6nnen Ihre Browser-Einstellung entsprechend Ihren W\u00fcnschen konfigurieren und z.\u2009B. die Annahme von Third-Party-Cookies oder allen Cookies ablehnen. Wir weisen Sie darauf hin, dass Sie eventuell nicht alle Funktionen dieser Website nutzen k\u00f6nnen.<\/span><\/li>\n<\/ol>\n<h4><span style=\"color: #000000;\">\u00a7 4 Weitere Funktionen und Angebote unserer Website<\/span><\/h4>\n<p><span style=\"color: #000000;\">(1) Neben der rein informatorischen Nutzung unserer Website bieten wir verschiedene Leistungen an, die Sie bei Interesse nutzen k\u00f6nnen. Dazu m\u00fcssen Sie in der Regel weitere personenbezogene Daten angeben, die wir zur Erbringung der jeweiligen Leistung nutzen und f\u00fcr die die zuvor genannten Grunds\u00e4tze zur Datenverarbeitung gelten.<\/span><\/p>\n<p><span style=\"color: #000000;\">(2) Teilweise bedienen wir uns zur Verarbeitung Ihrer Daten externer Dienstleister. Diese wurden von uns sorgf\u00e4ltig ausgew\u00e4hlt und beauftragt, sind an unsere Weisungen gebunden und werden regelm\u00e4\u00dfig kontrolliert.<\/span><\/p>\n<p><span style=\"color: #000000;\">(3) Weiterhin k\u00f6nnen wir Ihre personenbezogenen Daten an Dritte weitergeben, wenn Aktionsteilnahmen, Gewinnspiele, Vertragsabschl\u00fcsse oder \u00e4hnliche Leistungen von uns gemeinsam mit Partnern angeboten werden. N\u00e4here Informationen hierzu erhalten Sie bei Angabe Ihrer personenbezogenen Daten oder untenstehend in der Beschreibung des Angebotes.<\/span><\/p>\n<p><span style=\"color: #000000;\">(4) Soweit unsere Dienstleister oder Partner ihren Sitz in einem Staat au\u00dferhalb des Europ\u00e4ischen Wirtschaftsraumen (EWR) haben, informieren wir Sie \u00fcber die Folgen dieses Umstands in der Beschreibung des Angebotes.<\/span><\/p>\n<h4><span style=\"color: #000000;\">\u00a7 5 Widerspruch oder Widerruf gegen die Verarbeitung Ihrer Daten<\/span><\/h4>\n<p><span style=\"color: #000000;\">(1) Falls Sie eine Einwilligung zur Verarbeitung Ihrer Daten erteilt haben, k\u00f6nnen Sie diese jederzeit widerrufen. Ein solcher Widerruf beeinflusst die Zul\u00e4ssigkeit der Verarbeitung Ihrer personenbezogenen Daten, nachdem Sie ihn gegen\u00fcber uns ausgesprochen haben.<\/span><\/p>\n<p><span style=\"color: #000000;\">(2) Soweit wir die Verarbeitung Ihrer personenbezogenen Daten auf die Interessenabw\u00e4gung st\u00fctzen, k\u00f6nnen Sie Widerspruch gegen die Verarbeitung einlegen. Dies ist der Fall, wenn die Verarbeitung insbesondere nicht zur Erf\u00fcllung eines Vertrags mit Ihnen erforderlich ist, was von uns jeweils bei der nachfolgenden Beschreibung der Funktionen dargestellt wird. Bei Aus\u00fcbung eines solchen Widerspruchs bitten wir um Darlegung der Gr\u00fcnde, weshalb wir Ihre personenbezogenen Daten nicht wie von uns durchgef\u00fchrt verarbeiten sollten. Im Falle Ihres begr\u00fcndeten Widerspruchs pr\u00fcfen wir die Sachlage und werden entweder die Datenverarbeitung einstellen bzw. anpassen oder Ihnen unsere zwingenden schutzw\u00fcrdigen Gr\u00fcnde aufzeigen, aufgrund derer wir die Verarbeitung fortf\u00fchren.<\/span><\/p>\n<p><span style=\"color: #000000;\">(3) Selbstverst\u00e4ndlich k\u00f6nnen Sie der Verarbeitung Ihrer personenbezogenen Daten f\u00fcr Zwecke der Werbung und Datenanalyse jederzeit widersprechen. \u00dcber Ihren Werbewiderspruch k\u00f6nnen Sie uns unter folgenden Kontaktdaten informieren:\u00a0<a style=\"color: #000000;\" href=\"mailto:info@test.mittelstandsbroker.de\">info@test.mittelstandsbroker.de<\/a> oder an die im Impressum angegebenen Kontaktdaten.<\/span><\/p>\n<h2><span style=\"color: #000000;\">Analysetools:<\/span><\/h2>\n<h4><span style=\"color: #000000;\">Einsatz von Google Analytics<\/span><\/h4>\n<p><span style=\"color: #000000;\">(1) Diese Website benutzt Google Analytics, einen Webanalysedienst der Google Inc. (\u201eGoogle\u201c). Google Analytics verwendet sog. \u201eCookies\u201c, Textdateien, die auf Ihrem Computer gespeichert werden und die eine Analyse der Benutzung der Website durch Sie erm\u00f6glichen. Die durch den Cookie erzeugten Informationen \u00fcber Ihre Benutzung dieser Website werden in der Regel an einen Server von Google in den USA \u00fcbertragen und dort gespeichert. Im Falle der Aktivierung der IP-Anonymisierung auf dieser Website, wird Ihre IP-Adresse von Google jedoch innerhalb von Mitgliedstaaten der Europ\u00e4ischen Union oder in anderen Vertragsstaaten des Abkommens \u00fcber den Europ\u00e4ischen Wirtschaftsraum zuvor gek\u00fcrzt. Nur in Ausnahmef\u00e4llen wird die volle IP-Adresse an einen Server von Google in den USA \u00fcbertragen und dort gek\u00fcrzt. Im Auftrag des Betreibers dieser Website wird Google diese Informationen benutzen, um Ihre Nutzung der Website auszuwerten, um Reports \u00fcber die Website-Aktivit\u00e4ten zusammenzustellen und um weitere mit der Website-Nutzung und der Internetnutzung verbundene Dienstleistungen gegen\u00fcber dem Website-Betreiber zu erbringen.<\/span><\/p>\n<p><span style=\"color: #000000;\">(2) Die im Rahmen von Google Analytics von Ihrem Browser \u00fcbermittelte IP-Adresse wird nicht mit anderen Daten von Google zusammengef\u00fchrt.<\/span><\/p>\n<p><span style=\"color: #000000;\">(3) Sie k\u00f6nnen die Speicherung der Cookies durch eine entsprechende Einstellung Ihrer Browser-Software verhindern; wir weisen Sie jedoch darauf hin, dass Sie in diesem Fall gegebenenfalls nicht s\u00e4mtliche Funktionen dieser Website vollumf\u00e4nglich werden nutzen k\u00f6nnen. Sie k\u00f6nnen dar\u00fcber hinaus die Erfassung der durch das Cookie erzeugten und auf Ihre Nutzung der Website bezogenen Daten (inkl. Ihrer IP-Adresse) an Google sowie die Verarbeitung dieser Daten durch Google verhindern, indem sie das unter dem folgenden Link verf\u00fcgbare Browser-Plug-in herunterladen und installieren: http:\/\/tools.google.com\/dlpage\/gaoptout?hl=de.<\/span><\/p>\n<p><span style=\"color: #000000;\">(4) Diese Website verwendet Google Analytics mit der Erweiterung \u201e_anonymizeIp()\u201c. Dadurch werden IP-Adressen gek\u00fcrzt weiterverarbeitet, eine Personenbeziehbarkeit kann damit ausgeschlossen werden. Soweit den \u00fcber Sie erhobenen Daten ein Personenbezug zukommt, wird dieser also sofort ausgeschlossen und die personenbezogenen Daten damit umgehend gel\u00f6scht.<\/span><\/p>\n<p><span style=\"color: #000000;\">Sie k\u00f6nnen die Erfassung durch Google Analytics auch verhindern, indem Sie auf folgenden Link klicken. Es wird ein Opt-Out-Cookie gesetzt, der die zuk\u00fcnftige Erfassung Ihrer Daten beim Besuch dieser Website verhindert:<\/span><\/p>\n<p><span style=\"color: #000000;\"><a style=\"color: #000000;\" href=\"https:\/\/www.lionea.de\/datenschutz\/#\" target=\"_blank\" rel=\"noopener\">Google Analytics deaktivieren<\/a><\/span><\/p>\n<p><span style=\"color: #000000;\">(5) Wir nutzen Google Analytics, um die Nutzung unserer Website analysieren und regelm\u00e4\u00dfig verbessern zu k\u00f6nnen. \u00dcber die gewonnenen Statistiken k\u00f6nnen wir unser Angebot verbessern und f\u00fcr Sie als Nutzer interessanter ausgestalten. F\u00fcr die Ausnahmef\u00e4lle, in denen personenbezogene Daten in die USA \u00fcbertragen werden, hat sich Google dem EU-US Privacy Shield unterworfen, https:\/\/www.privacyshield.gov\/EU-US-Framework. Rechtsgrundlage f\u00fcr die Nutzung von Google Analytics ist Art.\u00a06 Abs.\u00a01 S.\u00a01 lit. f DS-GVO.<\/span><\/p>\n<p><span style=\"color: #000000;\">(6) Informationen des Drittanbieters: Google Dublin, Google Ireland Ltd., Gordon House, Barrow Street, Dublin 4, Ireland, Fax: +353 (1) 436\u20091001. Nutzerbedingungen: http:\/\/www.google.com\/analytics\/terms\/de.html, \u00dcbersicht zum Datenschutz: http:\/\/www.google.com\/intl\/de\/analytics\/learn\/privacy.html, sowie die Datenschutzerkl\u00e4rung: http:\/\/www.google.de\/intl\/de\/policies\/privacy.<\/span><\/p>\n<\/section>\n<p>\u00a0<\/p>\t\t\t\t\t\t<\/div>\n\t\t\t\t<\/div>\n\t\t\t\t\t<\/div>\n\t\t<\/div>\n\t\t\t\t\t\t\t<\/div>\n\t\t<\/section>\n\t\t\t\t\t\t\t<\/div>\n\t\t","protected":false},"excerpt":{"rendered":"<p>Datenschutzhinweis\u200b Datenschutzerkl\u00e4rung \u00a7 1 Information \u00fcber die Erhebung personenbezogener Daten (1) Im Folgenden informieren wir \u00fcber die Erhebung personenbezogener Daten bei Nutzung unserer Website. Personenbezogene Daten sind alle Daten, die auf Sie pers\u00f6nlich beziehbar sind, z.\u2009B. Name, Adresse, E-Mail-Adressen, Nutzerverhalten. (2) Verantwortlicher gem. Art.\u00a04 Abs.\u00a07 EU-Datenschutz-Grundverordnung (DS-GVO) ist mittelstandsbroker.de ist ein Projekt der INTAGUS VISION [&hellip;]<\/p>\n","protected":false},"author":22,"featured_media":0,"parent":0,"menu_order":0,"comment_status":"closed","ping_status":"closed","template":"","meta":{"sidebar_toogle":false,"sidebar_date":"","sidebar_drop":"","footnotes":""},"acf":[],"_links":{"self":[{"href":"https:\/\/test.mittelstandsbroker.de\/index.php?rest_route=\/wp\/v2\/pages\/3"}],"collection":[{"href":"https:\/\/test.mittelstandsbroker.de\/index.php?rest_route=\/wp\/v2\/pages"}],"about":[{"href":"https:\/\/test.mittelstandsbroker.de\/index.php?rest_route=\/wp\/v2\/types\/page"}],"author":[{"embeddable":true,"href":"https:\/\/test.mittelstandsbroker.de\/index.php?rest_route=\/wp\/v2\/users\/22"}],"replies":[{"embeddable":true,"href":"https:\/\/test.mittelstandsbroker.de\/index.php?rest_route=%2Fwp%2Fv2%2Fcomments&post=3"}],"version-history":[{"count":8,"href":"https:\/\/test.mittelstandsbroker.de\/index.php?rest_route=\/wp\/v2\/pages\/3\/revisions"}],"predecessor-version":[{"id":2624,"href":"https:\/\/test.mittelstandsbroker.de\/index.php?rest_route=\/wp\/v2\/pages\/3\/revisions\/2624"}],"wp:attachment":[{"href":"https:\/\/test.mittelstandsbroker.de\/index.php?rest_route=%2Fwp%2Fv2%2Fmedia&parent=3"}],"curies":[{"name":"wp","href":"https:\/\/api.w.org\/{rel}","templated":true}]}}