{"id":1625,"date":"2023-03-16T18:20:13","date_gmt":"2023-03-16T17:20:13","guid":{"rendered":"https:\/\/test.mittelstandsbroker.de\/?page_id=1625"},"modified":"2023-09-26T17:00:48","modified_gmt":"2023-09-26T15:00:48","slug":"impressum","status":"publish","type":"page","link":"https:\/\/test.mittelstandsbroker.de\/?page_id=1625","title":{"rendered":"Impressum"},"content":{"rendered":"\t\t<div data-elementor-type=\"wp-page\" data-elementor-id=\"1625\" class=\"elementor elementor-1625\" data-elementor-post-type=\"page\">\n\t\t\t\t\t\t\t\t\t<section data-particle_enable=\"false\" data-particle-mobile-disabled=\"false\" class=\"elementor-section elementor-top-section elementor-element elementor-element-a05db79 elementor-section-boxed elementor-section-height-default elementor-section-height-default\" data-id=\"a05db79\" data-element_type=\"section\">\n\t\t\t\t\t\t<div class=\"elementor-container elementor-column-gap-default\">\n\t\t\t\t\t<div class=\"elementor-column elementor-col-100 elementor-top-column elementor-element elementor-element-f728073\" data-id=\"f728073\" data-element_type=\"column\">\n\t\t\t<div class=\"elementor-widget-wrap elementor-element-populated\">\n\t\t\t\t\t\t\t\t<div class=\"elementor-element elementor-element-2331325 elementor-widget elementor-widget-heading\" data-id=\"2331325\" data-element_type=\"widget\" data-widget_type=\"heading.default\">\n\t\t\t\t<div class=\"elementor-widget-container\">\n\t\t\t<h2 class=\"elementor-heading-title elementor-size-default\">Impressum<\/h2>\t\t<\/div>\n\t\t\t\t<\/div>\n\t\t\t\t<div class=\"elementor-element elementor-element-d1f0c79 elementor-widget elementor-widget-text-editor\" data-id=\"d1f0c79\" data-element_type=\"widget\" data-widget_type=\"text-editor.default\">\n\t\t\t\t<div class=\"elementor-widget-container\">\n\t\t\t\t\t\t\t<p><!-- wp:heading --><\/p>\n<section>\n<section>\n<section class=\"content-editor\">\n<h3><span style=\"color: #000000;\">Angaben gem\u00e4\u00df \u00a7 5 TMG:<\/span><\/h3>\n<p><br \/><span style=\"color: #000000;\">mittelstandsbroker.de wird betrieben durch:<\/span><br \/><span style=\"color: #000000;\">INTAGUS VISION GmbH<\/span><br \/><span style=\"color: #000000;\">Friedrich-Ebert-Stra\u00dfe 36<\/span><br \/><span style=\"color: #000000;\">03044 Cottbus<\/span><\/p>\n<h3><span style=\"color: #000000;\">Vertreten durch<\/span><\/h3>\n<p><span style=\"color: #000000;\">die Gesch\u00e4ftsf\u00fchrung Prof. Dr. Holger Wassermann<\/span><\/p>\n<h3><span style=\"color: #000000;\">Kontakt<\/span><\/h3>\n<p><span style=\"color: #000000;\">Telefon +49 355 35755800<\/span><br \/><span style=\"color: #000000;\">Telefax +49 355 4837 0501<\/span><br \/><span style=\"color: #000000;\">E-Mail info@test.mittelstandsbroker.de<\/span><\/p>\n<h3><span style=\"color: #000000;\">Registereintrag<\/span><\/h3>\n<p><span style=\"color: #000000;\">Eintragung im Handelsregister: HRB 14245 CB<\/span><br \/><span style=\"color: #000000;\">Registergericht: Amtsgericht Cottbus<\/span><\/p>\n<h3><span style=\"color: #000000;\">Verantwortlich f\u00fcr den Inhalt nach \u00a7 55 Abs. 2 RStV:<\/span><\/h3>\n<p><span style=\"color: #000000;\">INTAGUS Vision GmbH<\/span><br \/><span style=\"color: #000000;\">Friedrich-Ebert-Str. 36<\/span><br \/><span style=\"color: #000000;\">03044 Cottbus<\/span><\/p>\n<h3><span style=\"color: #000000;\">Gestaltung und technische Umsetzung<\/span><\/h3>\n<p><span style=\"color: #000000;\">Five Hunters GmbH<\/span><br \/><span style=\"color: #000000;\">Friedrich-Ebert-Stra\u00dfe 36<\/span><br \/><span style=\"color: #000000;\">03044 Cottbus<\/span><\/p>\n<p><span style=\"color: #000000;\">Telefon 0355 620 284-0<\/span><br \/><span style=\"color: #000000;\">E-Mail: kontakt@fivehunters.de<\/span><\/p>\n<h3><span style=\"color: #000000;\">Bildnachweise<\/span><\/h3>\n<p><span style=\"color: #000000;\">Adobe Stock, Fotolia, Pexels, Freepik, Envato<\/span><\/p>\n<h2><span style=\"color: #000000;\">Allgemeines Gleichbehandlungsgesetz<\/span><\/h2>\n<p><span style=\"color: #000000;\">Sofern auf unserer Webseite nur die m\u00e4nnliche Form eines Wortes verwendet wird, dient dies allein der besseren Lesbarkeit und stellt keine Benachteiligung wegen des Geschlechts dar. Selbstverst\u00e4ndlich sind immer alle Geschlechter angesprochen.<\/span><\/p>\n<h2><span style=\"color: #000000;\">Hinweis auf EU-Streitschlichtung<\/span><\/h2>\n<p><span style=\"color: #000000;\">Die Europ\u00e4ische Kommission stellt eine Plattform zur Online-Streitbeilegung (OS) bereit:http:\/\/ec.europa.eu\/consumers\/odr<\/span><br \/><span style=\"color: #000000;\">Unsere E-Mail-Adresse finden Sie oben im Impressum.<\/span><\/p>\n<p><span style=\"color: #000000;\">Quelle: <a style=\"color: #000000;\" href=\"http:\/\/www.e-recht24.de\" target=\"_blank\" rel=\"noopener\">http:\/\/www.e-recht24.de<\/a><\/span><\/p>\n<h2><span style=\"color: #000000;\">Haftungsausschluss (Disclaimer)<\/span><\/h2>\n<h3><span style=\"color: #000000;\">Haftung f\u00fcr Inhalte<\/span><\/h3>\n<p><span style=\"color: #000000;\">Als Diensteanbieter sind wir gem\u00e4\u00df \u00a7 7 Abs.1 TMG f\u00fcr eigene Inhalte auf diesen Seiten nach den allgemeinen Gesetzen verantwortlich. Nach \u00a7\u00a7 8 bis 10 TMG sind wir als Diensteanbieter jedoch nicht verpflichtet, \u00fcbermittelte oder gespeicherte fremde Informationen zu \u00fcberwachen oder nach Umst\u00e4nden zu forschen, die auf eine rechtswidrige T\u00e4tigkeit hinweisen. Verpflichtungen zur Entfernung oder Sperrung der Nutzung von Informationen nach den allgemeinen Gesetzen bleiben hiervon unber\u00fchrt. Eine diesbez\u00fcgliche Haftung ist jedoch erst ab dem Zeitpunkt der Kenntnis einer konkreten Rechtsverletzung m\u00f6glich. Bei Bekanntwerden von entsprechenden Rechtsverletzungen werden wir diese Inhalte umgehend entfernen.<\/span><\/p>\n<h3><span style=\"color: #000000;\">Haftung f\u00fcr Links<\/span><\/h3>\n<p><span style=\"color: #000000;\">Unser Angebot enth\u00e4lt Links zu externen Webseiten Dritter, auf deren Inhalte wir keinen Einfluss haben. Deshalb k\u00f6nnen wir f\u00fcr diese fremden Inhalte auch keine Gew\u00e4hr \u00fcbernehmen. F\u00fcr die Inhalte der verlinkten Seiten ist stets der jeweilige Anbieter oder Betreiber der Seiten verantwortlich. Die verlinkten Seiten wurden zum Zeitpunkt der Verlinkung auf m\u00f6gliche Rechtsverst\u00f6\u00dfe \u00fcberpr\u00fcft. Rechtswidrige Inhalte waren zum Zeitpunkt der Verlinkung nicht erkennbar. Eine permanente inhaltliche Kontrolle der verlinkten Seiten ist jedoch ohne konkrete Anhaltspunkte einer Rechtsverletzung nicht zumutbar. Bei Bekanntwerden von Rechtsverletzungen werden wir derartige Links umgehend entfernen.<\/span><\/p>\n<h3><span style=\"color: #000000;\">Urheberrecht<\/span><\/h3>\n<p><span style=\"color: #000000;\">Die durch die Seitenbetreiber erstellten Inhalte und Werke auf diesen Seiten unterliegen dem deutschen Urheberrecht. Die Vervielf\u00e4ltigung, Bearbeitung, Verbreitung und jede Art der Verwertung au\u00dferhalb der Grenzen des Urheberrechtes bed\u00fcrfen der schriftlichen Zustimmung des jeweiligen Autors bzw. Erstellers. Downloads und Kopien dieser Seite sind nur f\u00fcr den privaten, nicht kommerziellen Gebrauch gestattet. Soweit die Inhalte auf dieser Seite nicht vom Betreiber erstellt wurden, werden die Urheberrechte Dritter beachtet. Insbesondere werden Inhalte Dritter als solche gekennzeichnet. Sollten Sie trotzdem auf eine Urheberrechtsverletzung aufmerksam werden, bitten wir um einen entsprechenden Hinweis. Bei Bekanntwerden von Rechtsverletzungen werden wir derartige Inhalte umgehend entfernen.<\/span><\/p>\n<\/section>\n<\/section>\n<\/section>\t\t\t\t\t\t<\/div>\n\t\t\t\t<\/div>\n\t\t\t\t\t<\/div>\n\t\t<\/div>\n\t\t\t\t\t\t\t<\/div>\n\t\t<\/section>\n\t\t\t\t\t\t\t<\/div>\n\t\t","protected":false},"excerpt":{"rendered":"<p>Impressum Angaben gem\u00e4\u00df \u00a7 5 TMG: mittelstandsbroker.de wird betrieben durch:INTAGUS VISION GmbHFriedrich-Ebert-Stra\u00dfe 3603044 Cottbus Vertreten durch die Gesch\u00e4ftsf\u00fchrung Prof. Dr. Holger Wassermann Kontakt Telefon +49 355 35755800Telefax +49 355 4837 0501E-Mail info@test.mittelstandsbroker.de Registereintrag Eintragung im Handelsregister: HRB 14245 CBRegistergericht: Amtsgericht Cottbus Verantwortlich f\u00fcr den Inhalt nach \u00a7 55 Abs. 2 RStV: INTAGUS Vision GmbHFriedrich-Ebert-Str. 3603044 [&hellip;]<\/p>\n","protected":false},"author":22,"featured_media":0,"parent":0,"menu_order":0,"comment_status":"closed","ping_status":"closed","template":"","meta":{"sidebar_toogle":false,"sidebar_date":"","sidebar_drop":"","footnotes":""},"acf":[],"_links":{"self":[{"href":"https:\/\/test.mittelstandsbroker.de\/index.php?rest_route=\/wp\/v2\/pages\/1625"}],"collection":[{"href":"https:\/\/test.mittelstandsbroker.de\/index.php?rest_route=\/wp\/v2\/pages"}],"about":[{"href":"https:\/\/test.mittelstandsbroker.de\/index.php?rest_route=\/wp\/v2\/types\/page"}],"author":[{"embeddable":true,"href":"https:\/\/test.mittelstandsbroker.de\/index.php?rest_route=\/wp\/v2\/users\/22"}],"replies":[{"embeddable":true,"href":"https:\/\/test.mittelstandsbroker.de\/index.php?rest_route=%2Fwp%2Fv2%2Fcomments&post=1625"}],"version-history":[{"count":10,"href":"https:\/\/test.mittelstandsbroker.de\/index.php?rest_route=\/wp\/v2\/pages\/1625\/revisions"}],"predecessor-version":[{"id":4659,"href":"https:\/\/test.mittelstandsbroker.de\/index.php?rest_route=\/wp\/v2\/pages\/1625\/revisions\/4659"}],"wp:attachment":[{"href":"https:\/\/test.mittelstandsbroker.de\/index.php?rest_route=%2Fwp%2Fv2%2Fmedia&parent=1625"}],"curies":[{"name":"wp","href":"https:\/\/api.w.org\/{rel}","templated":true}]}}